{"id":336,"date":"2021-12-17T11:07:53","date_gmt":"2021-12-17T10:07:53","guid":{"rendered":"https:\/\/mechvent.pl\/?page_id=336"},"modified":"2023-05-25T15:36:30","modified_gmt":"2023-05-25T13:36:30","slug":"tyoskentele-kanssamme","status":"publish","type":"page","link":"https:\/\/mechvent.pl\/fi\/praca-u-nas\/","title":{"rendered":"Tehd\u00e4 ty\u00f6t\u00e4"},"content":{"rendered":"\t\t<div data-elementor-type=\"wp-page\" data-elementor-id=\"336\" class=\"elementor elementor-336\" data-elementor-post-type=\"page\">\n\t\t\t\t\t\t<section class=\"elementor-section elementor-top-section elementor-element elementor-element-fb80068 elementor-section-height-min-height elementor-section-boxed elementor-section-height-default elementor-section-items-middle\" data-id=\"fb80068\" data-element_type=\"section\" data-e-type=\"section\" data-settings=\"{&quot;background_background&quot;:&quot;classic&quot;}\">\n\t\t\t\t\t\t\t<div class=\"elementor-background-overlay\"><\/div>\n\t\t\t\t\t\t\t<div class=\"elementor-container elementor-column-gap-default\">\n\t\t\t\t\t<div class=\"elementor-column elementor-col-100 elementor-top-column elementor-element elementor-element-5b45c08\" data-id=\"5b45c08\" data-element_type=\"column\" data-e-type=\"column\">\n\t\t\t<div class=\"elementor-widget-wrap elementor-element-populated\">\n\t\t\t\t\t\t<div class=\"elementor-element elementor-element-ad5ab01 elementor-widget elementor-widget-heading\" data-id=\"ad5ab01\" data-element_type=\"widget\" data-e-type=\"widget\" data-widget_type=\"heading.default\">\n\t\t\t\t<div class=\"elementor-widget-container\">\n\t\t\t\t\t<p class=\"elementor-heading-title elementor-size-default\">OG\u0141OSZENIA<\/p>\t\t\t\t<\/div>\n\t\t\t\t<\/div>\n\t\t\t\t<div class=\"elementor-element elementor-element-1fe06fd elementor-widget elementor-widget-heading\" data-id=\"1fe06fd\" data-element_type=\"widget\" data-e-type=\"widget\" data-widget_type=\"heading.default\">\n\t\t\t\t<div class=\"elementor-widget-container\">\n\t\t\t\t\t<h1 class=\"elementor-heading-title elementor-size-default\">Praca u nas<\/h1>\t\t\t\t<\/div>\n\t\t\t\t<\/div>\n\t\t\t\t\t<\/div>\n\t\t<\/div>\n\t\t\t\t\t<\/div>\n\t\t<\/section>\n\t\t\t\t<section class=\"elementor-section elementor-top-section elementor-element elementor-element-f64bff4 elementor-section-boxed elementor-section-height-default elementor-section-height-default\" data-id=\"f64bff4\" data-element_type=\"section\" data-e-type=\"section\">\n\t\t\t\t\t\t<div class=\"elementor-container elementor-column-gap-no\">\n\t\t\t\t\t<div class=\"elementor-column elementor-col-100 elementor-top-column elementor-element elementor-element-3bebf90\" data-id=\"3bebf90\" data-element_type=\"column\" data-e-type=\"column\">\n\t\t\t<div class=\"elementor-widget-wrap elementor-element-populated\">\n\t\t\t\t\t\t<section class=\"elementor-section elementor-inner-section elementor-element elementor-element-de52182 elementor-section-boxed elementor-section-height-default elementor-section-height-default\" data-id=\"de52182\" data-element_type=\"section\" data-e-type=\"section\">\n\t\t\t\t\t\t<div class=\"elementor-container elementor-column-gap-default\">\n\t\t\t\t\t<div class=\"elementor-column elementor-col-50 elementor-inner-column elementor-element elementor-element-71132d2\" data-id=\"71132d2\" data-element_type=\"column\" data-e-type=\"column\" data-settings=\"{&quot;background_background&quot;:&quot;classic&quot;}\">\n\t\t\t<div class=\"elementor-widget-wrap elementor-element-populated\">\n\t\t\t\t\t<div class=\"elementor-background-overlay\"><\/div>\n\t\t\t\t\t\t<div class=\"elementor-element elementor-element-4156add elementor-widget elementor-widget-heading\" data-id=\"4156add\" data-element_type=\"widget\" data-e-type=\"widget\" data-widget_type=\"heading.default\">\n\t\t\t\t<div class=\"elementor-widget-container\">\n\t\t\t\t\t<h2 class=\"elementor-heading-title elementor-size-default\">Prze\u015blij nam Twoje CV<\/h2>\t\t\t\t<\/div>\n\t\t\t\t<\/div>\n\t\t\t\t<div class=\"elementor-element elementor-element-b099cd0 elementor-widget elementor-widget-text-editor\" data-id=\"b099cd0\" data-element_type=\"widget\" data-e-type=\"widget\" data-widget_type=\"text-editor.default\">\n\t\t\t\t<div class=\"elementor-widget-container\">\n\t\t\t\t\t\t\t\t\t<p>Aktualnie nie posiadamy \u017cadnych wolnych miejsc pracy. Spr\u00f3buj sprawdzi\u0107 w p\u00f3\u017aniejszym terminie lub wy\u015blij ju\u017c teraz do nas swoje zg\u0142oszenie.<\/p><p>Jak tylko b\u0119dziemy mie\u0107 wolny etat i Twoje CV b\u0119dzie nam odpowiada\u0107, skontaktujemy si\u0119 z Tob\u0105.<\/p><p>Zg\u0142oszenia prosz\u0119 przesy\u0142a\u0107 na adres e-mail: <span style=\"color: #ffffff;\"><a style=\"color: #ffffff;\" href=\"mailto:biuro@mechvent.pl\"><strong><span style=\"text-decoration: underline;\">biuro@mechvent.pl<\/span><\/strong><\/a><\/span><\/p><p>W zg\u0142oszeniu prosimy zawrze\u0107 swoje CV z danymi kontaktowymi. Zastrzegamy sobie prawo do odpowiedzi wy\u0142\u0105cznie na wybrane zg\u0142oszenia.<\/p><p>Prosimy o dopisek: Wyra\u017cam zgod\u0119 na przetwarzanie moich danych zwi\u0105zanych z rekrutacj\u0105.<\/p>\t\t\t\t\t\t\t\t<\/div>\n\t\t\t\t<\/div>\n\t\t\t\t\t<\/div>\n\t\t<\/div>\n\t\t\t\t<div class=\"elementor-column elementor-col-50 elementor-inner-column elementor-element elementor-element-7f3e10f\" data-id=\"7f3e10f\" data-element_type=\"column\" data-e-type=\"column\" data-settings=\"{&quot;background_background&quot;:&quot;classic&quot;}\">\n\t\t\t<div class=\"elementor-widget-wrap elementor-element-populated\">\n\t\t\t\t\t\t<div class=\"elementor-element elementor-element-65eb181 elementor-button-align-start elementor-mobile-button-align-stretch elementor-widget elementor-widget-form\" data-id=\"65eb181\" data-element_type=\"widget\" data-e-type=\"widget\" data-settings=\"{&quot;step_next_label&quot;:&quot;Next&quot;,&quot;step_previous_label&quot;:&quot;Previous&quot;,&quot;button_width&quot;:&quot;100&quot;,&quot;step_type&quot;:&quot;number_text&quot;,&quot;step_icon_shape&quot;:&quot;circle&quot;}\" data-widget_type=\"form.default\">\n\t\t\t\t<div class=\"elementor-widget-container\">\n\t\t\t\t\t\t\t<form class=\"elementor-form\" method=\"post\" name=\"New Form\" aria-label=\"New Form\">\n\t\t\t<input type=\"hidden\" name=\"post_id\" value=\"336\"\/>\n\t\t\t<input type=\"hidden\" name=\"form_id\" value=\"65eb181\"\/>\n\t\t\t<input type=\"hidden\" name=\"referer_title\" value=\"Praca - MechVent - Automatyka Detekcja Gaz\u00f3w Serwis\" \/>\n\n\t\t\t\t\t\t\t<input type=\"hidden\" name=\"queried_id\" value=\"336\"\/>\n\t\t\t\n\t\t\t<div class=\"elementor-form-fields-wrapper elementor-labels-\">\n\t\t\t\t\t\t\t\t<div class=\"elementor-field-type-text elementor-field-group elementor-column elementor-field-group-name elementor-col-100\">\n\t\t\t\t\t\t\t\t\t\t\t\t<label for=\"form-field-name\" class=\"elementor-field-label elementor-screen-only\">\n\t\t\t\t\t\t\t\tImi\u0119 i nazwisko\t\t\t\t\t\t\t<\/label>\n\t\t\t\t\t\t\t\t\t\t\t\t\t\t<input size=\"1\" type=\"text\" name=\"form_fields[name]\" id=\"form-field-name\" class=\"elementor-field elementor-size-sm  elementor-field-textual\" placeholder=\"Imi\u0119 i nazwisko\">\n\t\t\t\t\t\t\t\t\t\t\t<\/div>\n\t\t\t\t\t\t\t\t<div class=\"elementor-field-type-email elementor-field-group elementor-column elementor-field-group-email elementor-col-50 elementor-field-required\">\n\t\t\t\t\t\t\t\t\t\t\t\t<label for=\"form-field-email\" class=\"elementor-field-label elementor-screen-only\">\n\t\t\t\t\t\t\t\tEmail\t\t\t\t\t\t\t<\/label>\n\t\t\t\t\t\t\t\t\t\t\t\t\t\t<input size=\"1\" type=\"email\" name=\"form_fields[email]\" id=\"form-field-email\" class=\"elementor-field elementor-size-sm  elementor-field-textual\" placeholder=\"Email\" required=\"required\">\n\t\t\t\t\t\t\t\t\t\t\t<\/div>\n\t\t\t\t\t\t\t\t<div class=\"elementor-field-type-tel elementor-field-group elementor-column elementor-field-group-field_d9feb41 elementor-col-50 elementor-field-required\">\n\t\t\t\t\t\t\t\t\t\t\t\t<label for=\"form-field-field_d9feb41\" class=\"elementor-field-label elementor-screen-only\">\n\t\t\t\t\t\t\t\tNumer kontaktowy\t\t\t\t\t\t\t<\/label>\n\t\t\t\t\t\t\t\t<input size=\"1\" type=\"tel\" name=\"form_fields[field_d9feb41]\" id=\"form-field-field_d9feb41\" class=\"elementor-field elementor-size-sm  elementor-field-textual\" placeholder=\"Numer kontaktowy\" required=\"required\" pattern=\"[0-9()#&amp;+*-=.]+\" title=\"Akceptowane s\u0105 jedynie cyfry i znaki telefoniczne (#,-,*).\">\n\n\t\t\t\t\t\t<\/div>\n\t\t\t\t\t\t\t\t<div class=\"elementor-field-type-textarea elementor-field-group elementor-column elementor-field-group-message elementor-col-100\">\n\t\t\t\t\t\t\t\t\t\t\t\t<label for=\"form-field-message\" class=\"elementor-field-label elementor-screen-only\">\n\t\t\t\t\t\t\t\tWiadomo\u015b\u0107\t\t\t\t\t\t\t<\/label>\n\t\t\t\t\t\t<textarea class=\"elementor-field-textual elementor-field  elementor-size-sm\" name=\"form_fields[message]\" id=\"form-field-message\" rows=\"4\" placeholder=\"Wiadomo\u015b\u0107\"><\/textarea>\t\t\t\t<\/div>\n\t\t\t\t\t\t\t\t<div class=\"elementor-field-type-upload elementor-field-group elementor-column elementor-field-group-field_378be3b elementor-col-100 elementor-field-required\">\n\t\t\t\t\t\t\t\t\t\t\t\t<label for=\"form-field-field_378be3b\" class=\"elementor-field-label elementor-screen-only\">\n\t\t\t\t\t\t\t\tCV\t\t\t\t\t\t\t<\/label>\n\t\t\t\t\t\t\t\t<input type=\"file\" name=\"form_fields[field_378be3b]\" id=\"form-field-field_378be3b\" class=\"elementor-field elementor-size-sm  elementor-upload-field\" required=\"required\" data-maxsize=\"5\" data-maxsize-message=\"Rozmiar pliku przekracza dozwolony rozmiar.\">\n\n\t\t\t\t\t\t<\/div>\n\t\t\t\t\t\t\t\t<div class=\"elementor-field-type-acceptance elementor-field-group elementor-column elementor-field-group-field_9525abc elementor-col-100 elementor-field-required\">\n\t\t\t\t\t\t\t<div class=\"elementor-field-subgroup\">\n\t\t\t<span class=\"elementor-field-option\">\n\t\t\t\t<input type=\"checkbox\" name=\"form_fields[field_9525abc]\" id=\"form-field-field_9525abc\" class=\"elementor-field elementor-size-sm  elementor-acceptance-field\" required=\"required\">\n\t\t\t\t<label for=\"form-field-field_9525abc\">Klikaj\u0105c wy\u015blij wyra\u017casz zgod\u0119 na przetwarzanie Twoich danych osobowych zgodnie z ustaw\u0105 o ochronie danych osobowych w zwi\u0105zku z wys\u0142aniem zapytania przez formularz kontaktowy. Podanie danych jest dobrowolne, ale niezb\u0119dne do przetworzenia zapytania. Zosta\u0142em poinformowany, \u017ce przys\u0142uguje mi prawo dost\u0119pu do swoich danych, mo\u017cliwo\u015bci ich poprawienia, \u017c\u0105dania zaprzestania ich przetwarzania. Administratorem danych osobowych jest Mechvent.<\/label>\t\t\t<\/span>\n\t\t<\/div>\n\t\t\t\t\t\t<\/div>\n\t\t\t\t\t\t\t\t<div class=\"elementor-field-type-recaptcha_v3 elementor-field-group elementor-column elementor-field-group-field_a68fba2 elementor-col-100 recaptcha_v3-bottomleft\">\n\t\t\t\t\t<div class=\"elementor-field\" id=\"form-field-field_a68fba2\"><div class=\"elementor-g-recaptcha\" data-sitekey=\"6Ld6bdAdAAAAAHI2lzrjxqLVkpi0zmmpuApBd7IL\" data-type=\"v3\" data-action=\"Form\" data-badge=\"bottomleft\" data-size=\"invisible\"><\/div><\/div>\t\t\t\t<\/div>\n\t\t\t\t\t\t\t\t<div class=\"elementor-field-group elementor-column elementor-field-type-submit elementor-col-100 e-form__buttons\">\n\t\t\t\t\t<button class=\"elementor-button elementor-size-sm\" type=\"submit\">\n\t\t\t\t\t\t<span class=\"elementor-button-content-wrapper\">\n\t\t\t\t\t\t\t\t\t\t\t\t\t\t\t\t\t\t\t\t\t\t<span class=\"elementor-button-text\">Wy\u015blij zapytanie<\/span>\n\t\t\t\t\t\t\t\t\t\t\t\t\t<\/span>\n\t\t\t\t\t<\/button>\n\t\t\t\t<\/div>\n\t\t\t<\/div>\n\t\t<\/form>\n\t\t\t\t\t\t<\/div>\n\t\t\t\t<\/div>\n\t\t\t\t\t<\/div>\n\t\t<\/div>\n\t\t\t\t\t<\/div>\n\t\t<\/section>\n\t\t\t\t\t<\/div>\n\t\t<\/div>\n\t\t\t\t\t<\/div>\n\t\t<\/section>\n\t\t\t\t<\/div>\n\t\t","protected":false},"excerpt":{"rendered":"<p>OG\u0141OSZENIA Praca u nas Prze\u015blij nam Twoje CV Aktualnie nie posiadamy \u017cadnych wolnych miejsc pracy. Spr\u00f3buj sprawdzi\u0107 w p\u00f3\u017aniejszym terminie lub wy\u015blij ju\u017c teraz do nas swoje zg\u0142oszenie. Jak tylko b\u0119dziemy mie\u0107 wolny etat i Twoje CV b\u0119dzie nam odpowiada\u0107, skontaktujemy si\u0119 z Tob\u0105. Zg\u0142oszenia prosz\u0119 przesy\u0142a\u0107 na adres e-mail: biuro@mechvent.pl W zg\u0142oszeniu prosimy zawrze\u0107 [&hellip;]<\/p>\n","protected":false},"author":4,"featured_media":0,"parent":0,"menu_order":0,"comment_status":"closed","ping_status":"closed","template":"elementor_header_footer","meta":{"footnotes":""},"class_list":["post-336","page","type-page","status-publish","hentry","entry"],"aioseo_notices":[],"_links":{"self":[{"href":"https:\/\/mechvent.pl\/fi\/wp-json\/wp\/v2\/pages\/336","targetHints":{"allow":["GET"]}}],"collection":[{"href":"https:\/\/mechvent.pl\/fi\/wp-json\/wp\/v2\/pages"}],"about":[{"href":"https:\/\/mechvent.pl\/fi\/wp-json\/wp\/v2\/types\/page"}],"author":[{"embeddable":true,"href":"https:\/\/mechvent.pl\/fi\/wp-json\/wp\/v2\/users\/4"}],"replies":[{"embeddable":true,"href":"https:\/\/mechvent.pl\/fi\/wp-json\/wp\/v2\/comments?post=336"}],"version-history":[{"count":19,"href":"https:\/\/mechvent.pl\/fi\/wp-json\/wp\/v2\/pages\/336\/revisions"}],"predecessor-version":[{"id":621,"href":"https:\/\/mechvent.pl\/fi\/wp-json\/wp\/v2\/pages\/336\/revisions\/621"}],"wp:attachment":[{"href":"https:\/\/mechvent.pl\/fi\/wp-json\/wp\/v2\/media?parent=336"}],"curies":[{"name":"wp","href":"https:\/\/api.w.org\/{rel}","templated":true}]}}