{"id":161,"date":"2021-12-16T14:02:43","date_gmt":"2021-12-16T13:02:43","guid":{"rendered":"https:\/\/mechvent.pl\/?page_id=161"},"modified":"2025-07-13T22:04:46","modified_gmt":"2025-07-13T20:04:46","slug":"automaatio","status":"publish","type":"page","link":"https:\/\/mechvent.pl\/fi\/automatyka\/","title":{"rendered":"Automaatio"},"content":{"rendered":"<div data-elementor-type=\"wp-page\" data-elementor-id=\"161\" class=\"elementor elementor-161\" data-elementor-post-type=\"page\">\n\t\t\t\t\t\t<section class=\"elementor-section elementor-top-section elementor-element elementor-element-2e40f62 elementor-section-boxed elementor-section-height-default elementor-section-height-default\" data-id=\"2e40f62\" data-element_type=\"section\" data-e-type=\"section\">\n\t\t\t\t\t\t<div class=\"elementor-container elementor-column-gap-default\">\n\t\t\t\t\t<div class=\"elementor-column elementor-col-100 elementor-top-column elementor-element elementor-element-30e317c\" data-id=\"30e317c\" data-element_type=\"column\" data-e-type=\"column\">\n\t\t\t<div class=\"elementor-widget-wrap elementor-element-populated\">\n\t\t\t\t\t\t<div class=\"elementor-element elementor-element-473a791 elementor-widget elementor-widget-text-editor\" data-id=\"473a791\" data-element_type=\"widget\" data-e-type=\"widget\" data-widget_type=\"text-editor.default\">\n\t\t\t\t<div class=\"elementor-widget-container\">\n\t\t\t\t\t\t\t\t\t<p>Tarjoamamme automaatiosarjat sis\u00e4lt\u00e4v\u00e4t laajan valikoiman t\u00e4ydellisi\u00e4 automaatiosarjoja, jotka on suunniteltu ohjaamaan ja valvomaan yksinkertaisten ja monimutkaisten ilmanvaihto- ja ilmastointilaitteiden toimintaa.<\/p>\t\t\t\t\t\t\t\t<\/div>\n\t\t\t\t<\/div>\n\t\t\t\t<div class=\"elementor-element elementor-element-ac2691b elementor-mobile-align-start elementor-icon-list--layout-traditional elementor-list-item-link-full_width elementor-widget elementor-widget-icon-list\" data-id=\"ac2691b\" data-element_type=\"widget\" data-e-type=\"widget\" data-widget_type=\"icon-list.default\">\n\t\t\t\t<div class=\"elementor-widget-container\">\n\t\t\t\t\t\t\t<ul class=\"elementor-icon-list-items\">\n\t\t\t\t\t\t\t<li class=\"elementor-icon-list-item\">\n\t\t\t\t\t\t\t\t\t\t\t<span class=\"elementor-icon-list-icon\">\n\t\t\t\t\t\t\t<i aria-hidden=\"true\" class=\"fas fa-chevron-right\"><\/i>\t\t\t\t\t\t<\/span>\n\t\t\t\t\t\t\t\t\t\t<span class=\"elementor-icon-list-text\">optimoidut automaatioj\u00e4rjestelm\u00e4t kaikentyyppisille ilmanvaihto- ja ilmastointilaitteille<\/span>\n\t\t\t\t\t\t\t\t\t<\/li>\n\t\t\t\t\t\t\t\t<li class=\"elementor-icon-list-item\">\n\t\t\t\t\t\t\t\t\t\t\t<span class=\"elementor-icon-list-icon\">\n\t\t\t\t\t\t\t<i aria-hidden=\"true\" class=\"fas fa-chevron-right\"><\/i>\t\t\t\t\t\t<\/span>\n\t\t\t\t\t\t\t\t\t\t<span class=\"elementor-icon-list-text\">omat LVI-automaatioj\u00e4rjestelm\u00e4t, joissa on integroitu kaikki asennuselementit<\/span>\n\t\t\t\t\t\t\t\t\t<\/li>\n\t\t\t\t\t\t\t\t<li class=\"elementor-icon-list-item\">\n\t\t\t\t\t\t\t\t\t\t\t<span class=\"elementor-icon-list-icon\">\n\t\t\t\t\t\t\t<i aria-hidden=\"true\" class=\"fas fa-chevron-right\"><\/i>\t\t\t\t\t\t<\/span>\n\t\t\t\t\t\t\t\t\t\t<span class=\"elementor-icon-list-text\">savunpoisto- ja ilmastuslaitteistojen ohjausj\u00e4rjestelm\u00e4t<\/span>\n\t\t\t\t\t\t\t\t\t<\/li>\n\t\t\t\t\t\t\t\t<li class=\"elementor-icon-list-item\">\n\t\t\t\t\t\t\t\t\t\t\t<span class=\"elementor-icon-list-icon\">\n\t\t\t\t\t\t\t<i aria-hidden=\"true\" class=\"fas fa-chevron-right\"><\/i>\t\t\t\t\t\t<\/span>\n\t\t\t\t\t\t\t\t\t\t<span class=\"elementor-icon-list-text\">ohjausj\u00e4rjestelm\u00e4t kaasun havaitsemiseen, esim. CO ja nestekaasu<\/span>\n\t\t\t\t\t\t\t\t\t<\/li>\n\t\t\t\t\t\t\t\t<li class=\"elementor-icon-list-item\">\n\t\t\t\t\t\t\t\t\t\t\t<span class=\"elementor-icon-list-icon\">\n\t\t\t\t\t\t\t<i aria-hidden=\"true\" class=\"fas fa-chevron-right\"><\/i>\t\t\t\t\t\t<\/span>\n\t\t\t\t\t\t\t\t\t\t<span class=\"elementor-icon-list-text\">LVI-automaation yksil\u00f6lliset suunnittelut ja toimitukset sijoittajan suunnitteluohjeiden mukaan<\/span>\n\t\t\t\t\t\t\t\t\t<\/li>\n\t\t\t\t\t\t\t\t<li class=\"elementor-icon-list-item\">\n\t\t\t\t\t\t\t\t\t\t\t<span class=\"elementor-icon-list-icon\">\n\t\t\t\t\t\t\t<i aria-hidden=\"true\" class=\"fas fa-chevron-right\"><\/i>\t\t\t\t\t\t<\/span>\n\t\t\t\t\t\t\t\t\t\t<span class=\"elementor-icon-list-text\">k\u00e4ytettyj\u00e4 ohjaimia voidaan laajentaa milloin tahansa LonWorks-, Ethernet-, Bacnet-, Modbus-tietoliikenneprotokollalla<\/span>\n\t\t\t\t\t\t\t\t\t<\/li>\n\t\t\t\t\t\t\t\t<li class=\"elementor-icon-list-item\">\n\t\t\t\t\t\t\t\t\t\t\t<span class=\"elementor-icon-list-icon\">\n\t\t\t\t\t\t\t<i aria-hidden=\"true\" class=\"fas fa-chevron-right\"><\/i>\t\t\t\t\t\t<\/span>\n\t\t\t\t\t\t\t\t\t\t<span class=\"elementor-icon-list-text\">jokaisen valmistetun automaatioj\u00e4rjestelm\u00e4n t\u00e4ydellinen dokumentaatio, mukaan lukien kuvaus sen toiminnasta<\/span>\n\t\t\t\t\t\t\t\t\t<\/li>\n\t\t\t\t\t\t<\/ul>\n\t\t\t\t\t\t<\/div>\n\t\t\t\t<\/div>\n\t\t\t\t<div class=\"elementor-element elementor-element-00e4de3 elementor-widget elementor-widget-heading\" data-id=\"00e4de3\" data-element_type=\"widget\" data-e-type=\"widget\" data-widget_type=\"heading.default\">\n\t\t\t\t<div class=\"elementor-widget-container\">\n\t\t\t\t\t<h3 class=\"elementor-heading-title elementor-size-default\">Kaavio LVI-automaatioj\u00e4rjestelm\u00e4st\u00e4<\/h3>\t\t\t\t<\/div>\n\t\t\t\t<\/div>\n\t\t\t\t<div class=\"elementor-element elementor-element-97298e3 elementor-widget elementor-widget-image\" data-id=\"97298e3\" data-element_type=\"widget\" data-e-type=\"widget\" data-widget_type=\"image.default\">\n\t\t\t\t<div class=\"elementor-widget-container\">\n\t\t\t\t\t\t\t\t\t\t\t\t\t\t\t\t<a href=\"https:\/\/mechvent.pl\/wp-content\/uploads\/2021\/12\/schemat-pl.webp\" data-elementor-open-lightbox=\"yes\" data-elementor-lightbox-title=\"schemat pl\" data-e-action-hash=\"#elementor-action%3Aaction%3Dlightbox%26settings%3DeyJpZCI6MTc4LCJ1cmwiOiJodHRwczpcL1wvbWVjaHZlbnQucGxcL3dwLWNvbnRlbnRcL3VwbG9hZHNcLzIwMjFcLzEyXC9zY2hlbWF0LXBsLndlYnAifQ%3D%3D\">\n\t\t\t\t\t\t\t<img fetchpriority=\"high\" decoding=\"async\" width=\"3618\" height=\"2398\" src=\"https:\/\/mechvent.pl\/wp-content\/uploads\/2021\/12\/schemat-pl.webp\" class=\"attachment-full size-full wp-image-178\" alt=\"\" srcset=\"https:\/\/mechvent.pl\/wp-content\/uploads\/2021\/12\/schemat-pl.webp 3618w, https:\/\/mechvent.pl\/wp-content\/uploads\/2021\/12\/schemat-pl-400x265.webp 400w, https:\/\/mechvent.pl\/wp-content\/uploads\/2021\/12\/schemat-pl-1200x795.webp 1200w, https:\/\/mechvent.pl\/wp-content\/uploads\/2021\/12\/schemat-pl-768x509.webp 768w, https:\/\/mechvent.pl\/wp-content\/uploads\/2021\/12\/schemat-pl-1536x1018.webp 1536w, https:\/\/mechvent.pl\/wp-content\/uploads\/2021\/12\/schemat-pl-2048x1357.webp 2048w\" sizes=\"(max-width: 3618px) 100vw, 3618px\" \/>\t\t\t\t\t\t\t\t<\/a>\n\t\t\t\t\t\t\t\t\t\t\t\t\t\t\t<\/div>\n\t\t\t\t<\/div>\n\t\t\t\t<div class=\"elementor-element elementor-element-24766c2 elementor-widget elementor-widget-heading\" data-id=\"24766c2\" data-element_type=\"widget\" data-e-type=\"widget\" data-widget_type=\"heading.default\">\n\t\t\t\t<div class=\"elementor-widget-container\">\n\t\t\t\t\t<h3 class=\"elementor-heading-title elementor-size-default\">LVI-automaatioj\u00e4rjestelm\u00e4 visualisoinnilla<\/h3>\t\t\t\t<\/div>\n\t\t\t\t<\/div>\n\t\t\t\t<div class=\"elementor-element elementor-element-ff9d757 elementor-widget elementor-widget-image\" data-id=\"ff9d757\" data-element_type=\"widget\" data-e-type=\"widget\" data-widget_type=\"image.default\">\n\t\t\t\t<div class=\"elementor-widget-container\">\n\t\t\t\t\t\t\t\t\t\t\t\t\t\t\t\t<a href=\"https:\/\/mechvent.pl\/wp-content\/uploads\/2021\/12\/SOUBER-Centrala-BL_1.gif\" data-elementor-open-lightbox=\"yes\" data-elementor-lightbox-title=\"SOUBER-Centrala-BL_1\" data-e-action-hash=\"#elementor-action%3Aaction%3Dlightbox%26settings%3DeyJpZCI6MTc5LCJ1cmwiOiJodHRwczpcL1wvbWVjaHZlbnQucGxcL3dwLWNvbnRlbnRcL3VwbG9hZHNcLzIwMjFcLzEyXC9TT1VCRVItQ2VudHJhbGEtQkxfMS5naWYifQ%3D%3D\">\n\t\t\t\t\t\t\t<img decoding=\"async\" width=\"1250\" height=\"600\" src=\"https:\/\/mechvent.pl\/wp-content\/uploads\/2021\/12\/SOUBER-Centrala-BL_1.gif\" class=\"attachment-full size-full wp-image-179\" alt=\"\" \/>\t\t\t\t\t\t\t\t<\/a>\n\t\t\t\t\t\t\t\t\t\t\t\t\t\t\t<\/div>\n\t\t\t\t<\/div>\n\t\t\t\t<div class=\"elementor-element elementor-element-c91373a elementor-widget elementor-widget-text-editor\" data-id=\"c91373a\" data-element_type=\"widget\" data-e-type=\"widget\" data-widget_type=\"text-editor.default\">\n\t\t\t\t<div class=\"elementor-widget-container\">\n\t\t\t\t\t\t\t\t\t<p>Automaatiosarjoidemme kiistaton etu on niiden korkea luotettavuus, yksinkertainen asennus ja k\u00e4ytt\u00f6 sek\u00e4 joukko ainutlaatuisia toimintoja, jotka optimoivat asennuksen toiminnan.<\/p><p>Tarjoamme asiakkaillemme yhden ohjausstandardin, joka on toiminnallisesti toistettava ja joustavasti laajennettavissa, mik\u00e4 mahdollistaa kokonaisvaltaisen investointitoteutuksen.<\/p>\t\t\t\t\t\t\t\t<\/div>\n\t\t\t\t<\/div>\n\t\t\t\t\t<\/div>\n\t\t<\/div>\n\t\t\t\t\t<\/div>\n\t\t<\/section>\n\t\t\t\t<\/div>","protected":false},"excerpt":{"rendered":"<p>Oferowane przez nas zestawy automatyki to szeroka gama kompletnych zestaw\u00f3w automatyki przeznaczonych do sterowania i nadzorowania pracy prostych oraz rozbudowanych urz\u0105dze\u0144 wentylacyjnych i klimatyzacyjnych. zoptymalizowane uk\u0142ady automatyki dla wszystkich typ\u00f3w central wentylacyjno-klimatyzacyjnych dedykowane systemy automatyki HVAC z integracj\u0105 wszystkich element\u00f3w instalacji systemy sterowania dla instalacji oddymiaj\u0105cych i napowietrzaj\u0105cych systemy sterowania dla detekcji gaz\u00f3w np. CO [&hellip;]<\/p>\n","protected":false},"author":4,"featured_media":0,"parent":0,"menu_order":0,"comment_status":"closed","ping_status":"closed","template":"","meta":{"footnotes":""},"class_list":["post-161","page","type-page","status-publish","hentry","entry"],"aioseo_notices":[],"_links":{"self":[{"href":"https:\/\/mechvent.pl\/fi\/wp-json\/wp\/v2\/pages\/161","targetHints":{"allow":["GET"]}}],"collection":[{"href":"https:\/\/mechvent.pl\/fi\/wp-json\/wp\/v2\/pages"}],"about":[{"href":"https:\/\/mechvent.pl\/fi\/wp-json\/wp\/v2\/types\/page"}],"author":[{"embeddable":true,"href":"https:\/\/mechvent.pl\/fi\/wp-json\/wp\/v2\/users\/4"}],"replies":[{"embeddable":true,"href":"https:\/\/mechvent.pl\/fi\/wp-json\/wp\/v2\/comments?post=161"}],"version-history":[{"count":10,"href":"https:\/\/mechvent.pl\/fi\/wp-json\/wp\/v2\/pages\/161\/revisions"}],"predecessor-version":[{"id":825,"href":"https:\/\/mechvent.pl\/fi\/wp-json\/wp\/v2\/pages\/161\/revisions\/825"}],"wp:attachment":[{"href":"https:\/\/mechvent.pl\/fi\/wp-json\/wp\/v2\/media?parent=161"}],"curies":[{"name":"wp","href":"https:\/\/api.w.org\/{rel}","templated":true}]}}